{"id":8904,"date":"2021-08-25T14:08:05","date_gmt":"2021-08-25T11:08:05","guid":{"rendered":"https:\/\/www.ruskalaukka.fi\/?page_id=8904"},"modified":"2023-10-10T16:51:04","modified_gmt":"2023-10-10T13:51:04","slug":"isantavaki","status":"publish","type":"page","link":"https:\/\/www.ruskalaukka.fi\/en\/isantavaki\/","title":{"rendered":"Hosts"},"content":{"rendered":"\n<div class=\"wp-block-cover alignfull has-background-dim is-position-center-center\"><span aria-hidden=\"true\" class=\"wp-block-cover__background has-background-dim\"><\/span><img loading=\"lazy\" decoding=\"async\" width=\"960\" height=\"720\" class=\"wp-block-cover__image-background wp-image-1292\" alt=\"Ruska Laukka talli Ruka-Kuusamossa\t\t\t\t\t\t\t\t\t\t\" src=\"https:\/\/www.ruskalaukka.fi\/wp-content\/uploads\/2020\/10\/Ilmakuva-3.jpg\" style=\"object-position:43% 49%\" data-object-fit=\"cover\" data-object-position=\"43% 49%\" srcset=\"https:\/\/www.ruskalaukka.fi\/wp-content\/uploads\/2020\/10\/Ilmakuva-3.jpg 960w, https:\/\/www.ruskalaukka.fi\/wp-content\/uploads\/2020\/10\/Ilmakuva-3-300x225.jpg 300w, https:\/\/www.ruskalaukka.fi\/wp-content\/uploads\/2020\/10\/Ilmakuva-3-768x576.jpg 768w, https:\/\/www.ruskalaukka.fi\/wp-content\/uploads\/2020\/10\/Ilmakuva-3-173x130.jpg 173w, https:\/\/www.ruskalaukka.fi\/wp-content\/uploads\/2020\/10\/Ilmakuva-3-343x257.jpg 343w, https:\/\/www.ruskalaukka.fi\/wp-content\/uploads\/2020\/10\/Ilmakuva-3-480x360.jpg 480w, https:\/\/www.ruskalaukka.fi\/wp-content\/uploads\/2020\/10\/Ilmakuva-3-600x450.jpg 600w\" sizes=\"auto, (max-width: 960px) 100vw, 960px\" \/><div class=\"wp-block-cover__inner-container is-layout-flow wp-block-cover-is-layout-flow\">\n<h1 class=\"wp-block-heading has-text-align-center\">Ronivaara hosts<\/h1>\n\n\n\n<p class=\"has-text-align-center\"><strong>Sanna, Nea, Harri and boys.<\/strong><\/p>\n<\/div><\/div>\n\n\n\n<div class=\"wp-block-media-text has-media-on-the-right is-stacked-on-mobile is-vertically-aligned-center alignwide\"><div class=\"wp-block-media-text__content\">\n<h4 class=\"wp-block-heading\">Sanna<\/h4>\n\n\n\n<p>Sanna Kallunki is responsible for Ruska&nbsp;Laukka`s&nbsp;operations, planning and development. Sanna has always been animal-loving and has taken care of the well-being of others, which is why it is natural to produce well-being with the help of animals. The family plays an important role in life, which is why supporting work and the growth of children has been one important value when working from home.&nbsp;<\/p>\n\n\n\n<p>She has been an entrepreneur in the horse industry since 2006.\u202f&nbsp;<\/p>\n\n\n\n<p>The most important thing for Sanna is animal welfare and responsible operations and it is widely visible on the farm. She has been involved in the development of animal welfare and animal-assisted services for some time.\u202f&nbsp;<\/p>\n\n\n\n<p>Sanna has trained in&nbsp;Yp\u00e4j\u00e4&nbsp;as a social pedagogical horse instructor (SPHT instructor), a solution-oriented neuropsychiatric coach and a nature care&nbsp;instructor, and&nbsp;is currently studying as a nature- and animal-assisted work instructor. Sanna, who has been riding since childhood, has had time to get acquainted with many fields. She is a Centered Riding Instructor, originally educated as a youth activities instructor with a focus on special youth work and has worked for a long time on the school side with special children. Since then, he has worked in the IT field as a product manager, having completed an MKT degree, educational sciences, social policy and computer science studies at the University of Oulu.<\/p>\n<\/div><figure class=\"wp-block-media-text__media\"><img loading=\"lazy\" decoding=\"async\" width=\"1024\" height=\"683\" src=\"https:\/\/www.ruskalaukka.fi\/wp-content\/uploads\/2020\/11\/A7R2337-1024x683.jpg\" alt=\"\" class=\"wp-image-12777 size-full\" srcset=\"https:\/\/www.ruskalaukka.fi\/wp-content\/uploads\/2020\/11\/A7R2337-1024x683.jpg 1024w, https:\/\/www.ruskalaukka.fi\/wp-content\/uploads\/2020\/11\/A7R2337-300x200.jpg 300w, https:\/\/www.ruskalaukka.fi\/wp-content\/uploads\/2020\/11\/A7R2337-768x512.jpg 768w, https:\/\/www.ruskalaukka.fi\/wp-content\/uploads\/2020\/11\/A7R2337-1536x1025.jpg 1536w, https:\/\/www.ruskalaukka.fi\/wp-content\/uploads\/2020\/11\/A7R2337-2048x1366.jpg 2048w, https:\/\/www.ruskalaukka.fi\/wp-content\/uploads\/2020\/11\/A7R2337-220x147.jpg 220w, https:\/\/www.ruskalaukka.fi\/wp-content\/uploads\/2020\/11\/A7R2337-385x257.jpg 385w, https:\/\/www.ruskalaukka.fi\/wp-content\/uploads\/2020\/11\/A7R2337-480x320.jpg 480w, https:\/\/www.ruskalaukka.fi\/wp-content\/uploads\/2020\/11\/A7R2337-600x400.jpg 600w\" sizes=\"auto, (max-width: 1024px) 100vw, 1024px\" \/><\/figure><\/div>\n\n\n\n<div class=\"wp-block-group\"><div class=\"wp-block-group__inner-container is-layout-flow wp-block-group-is-layout-flow\"><\/div><\/div>\n\n\n\n<div class=\"wp-block-media-text is-stacked-on-mobile is-vertically-aligned-center alignwide\"><figure class=\"wp-block-media-text__media\"><img loading=\"lazy\" decoding=\"async\" width=\"1024\" height=\"1024\" src=\"https:\/\/www.ruskalaukka.fi\/wp-content\/uploads\/2020\/10\/Esteen_ylitys2-1-1024x1024.png\" alt=\"Ruska Laukan tallilla valmennus-, yksityis-, pari-, pienryhm\u00e4 ja mini tunnit Ruka Kuusamossa\" class=\"wp-image-3832 size-full\" srcset=\"https:\/\/www.ruskalaukka.fi\/wp-content\/uploads\/2020\/10\/Esteen_ylitys2-1-1024x1024.png 1024w, https:\/\/www.ruskalaukka.fi\/wp-content\/uploads\/2020\/10\/Esteen_ylitys2-1-300x300.png 300w, https:\/\/www.ruskalaukka.fi\/wp-content\/uploads\/2020\/10\/Esteen_ylitys2-1-150x150.png 150w, https:\/\/www.ruskalaukka.fi\/wp-content\/uploads\/2020\/10\/Esteen_ylitys2-1-768x768.png 768w, https:\/\/www.ruskalaukka.fi\/wp-content\/uploads\/2020\/10\/Esteen_ylitys2-1-220x220.png 220w, https:\/\/www.ruskalaukka.fi\/wp-content\/uploads\/2020\/10\/Esteen_ylitys2-1-257x257.png 257w, https:\/\/www.ruskalaukka.fi\/wp-content\/uploads\/2020\/10\/Esteen_ylitys2-1-480x480.png 480w, https:\/\/www.ruskalaukka.fi\/wp-content\/uploads\/2020\/10\/Esteen_ylitys2-1-585x585.png 585w, https:\/\/www.ruskalaukka.fi\/wp-content\/uploads\/2020\/10\/Esteen_ylitys2-1-600x600.png 600w, https:\/\/www.ruskalaukka.fi\/wp-content\/uploads\/2020\/10\/Esteen_ylitys2-1-100x100.png 100w, https:\/\/www.ruskalaukka.fi\/wp-content\/uploads\/2020\/10\/Esteen_ylitys2-1.png 1080w\" sizes=\"auto, (max-width: 1024px) 100vw, 1024px\" \/><\/figure><div class=\"wp-block-media-text__content\">\n<h4 class=\"wp-block-heading\">NEA<\/h4>\n\n\n\n<p>Nea is responsible for the basic functions of the stable. She has grown up among horses and has ridden various horses for most of her life. Nea rides and trains in a variety of ways in the teaching of different coaches. Close to her heart are show jumping and dressage. Nea has completed her studies as a riding instructor. Close to her heart is also teaching and working with different client groups. She handles both Finnish and foreign customers smoothly. Nea trains the farm\u2019s horses.&nbsp;<\/p>\n<\/div><\/div>\n\n\n\n<div class=\"wp-block-media-text has-media-on-the-right is-stacked-on-mobile is-vertically-aligned-center alignwide\"><div class=\"wp-block-media-text__content\">\n<h4 class=\"wp-block-heading\">Harri and boys<\/h4>\n\n\n\n<p>Harri is an entrepreneur. Another family business,&nbsp;Pet\u00e4j\u00e4kyl\u00e4, offers a wide range of accommodation services on the shores of&nbsp;Pet\u00e4j\u00e4lampi. Harri is responsible for yard district construction projects and repairs. Harri participates in events and occasions. The peaceful host is another of the farm`s unwavering pillars.&nbsp;<\/p>\n\n\n\n<p>The family&#8217;s boys Onni and Oskari participate in the activities in their own way. The boys are responsible&nbsp;in particular for&nbsp;tolerating horses to various moving and flying objects and the strangest sounds. This work has been performed very well; our horses work well even in changing situations.<\/p>\n<\/div><figure class=\"wp-block-media-text__media\"><img loading=\"lazy\" decoding=\"async\" width=\"768\" height=\"1024\" src=\"https:\/\/www.ruskalaukka.fi\/wp-content\/uploads\/2020\/10\/Lapset_hevosen_selassa-2-1-768x1024.jpg\" alt=\"Ruska Laukan tallilta tapahtumissa vierailuja suomenhevosilla Ruka-Kuusamossa\" class=\"wp-image-4473 size-full\" srcset=\"https:\/\/www.ruskalaukka.fi\/wp-content\/uploads\/2020\/10\/Lapset_hevosen_selassa-2-1-768x1024.jpg 768w, https:\/\/www.ruskalaukka.fi\/wp-content\/uploads\/2020\/10\/Lapset_hevosen_selassa-2-1-225x300.jpg 225w, https:\/\/www.ruskalaukka.fi\/wp-content\/uploads\/2020\/10\/Lapset_hevosen_selassa-2-1-1152x1536.jpg 1152w, https:\/\/www.ruskalaukka.fi\/wp-content\/uploads\/2020\/10\/Lapset_hevosen_selassa-2-1-220x293.jpg 220w, https:\/\/www.ruskalaukka.fi\/wp-content\/uploads\/2020\/10\/Lapset_hevosen_selassa-2-1-193x257.jpg 193w, https:\/\/www.ruskalaukka.fi\/wp-content\/uploads\/2020\/10\/Lapset_hevosen_selassa-2-1-360x480.jpg 360w, https:\/\/www.ruskalaukka.fi\/wp-content\/uploads\/2020\/10\/Lapset_hevosen_selassa-2-1-600x800.jpg 600w, https:\/\/www.ruskalaukka.fi\/wp-content\/uploads\/2020\/10\/Lapset_hevosen_selassa-2-1.jpg 1524w\" sizes=\"auto, (max-width: 768px) 100vw, 768px\" \/><\/figure><\/div>\n","protected":false},"excerpt":{"rendered":"<p>Sanna Sanna Kallunki is responsible for Ruska&nbsp;Laukka`s&nbsp;operations, planning and development. Sanna has always been animal-loving and has taken care of the well-being of others, which is why it is natural to produce well-being with the help of animals. The family plays an important role in life, which is why supporting work and the growth of\u2026<\/p>\n","protected":false},"author":1,"featured_media":0,"parent":0,"menu_order":0,"comment_status":"closed","ping_status":"closed","template":"","meta":{"_acf_changed":false,"footnotes":""},"class_list":["post-8904","page","type-page","status-publish","hentry"],"acf":[],"_links":{"self":[{"href":"https:\/\/www.ruskalaukka.fi\/en\/wp-json\/wp\/v2\/pages\/8904","targetHints":{"allow":["GET"]}}],"collection":[{"href":"https:\/\/www.ruskalaukka.fi\/en\/wp-json\/wp\/v2\/pages"}],"about":[{"href":"https:\/\/www.ruskalaukka.fi\/en\/wp-json\/wp\/v2\/types\/page"}],"author":[{"embeddable":true,"href":"https:\/\/www.ruskalaukka.fi\/en\/wp-json\/wp\/v2\/users\/1"}],"replies":[{"embeddable":true,"href":"https:\/\/www.ruskalaukka.fi\/en\/wp-json\/wp\/v2\/comments?post=8904"}],"version-history":[{"count":9,"href":"https:\/\/www.ruskalaukka.fi\/en\/wp-json\/wp\/v2\/pages\/8904\/revisions"}],"predecessor-version":[{"id":13128,"href":"https:\/\/www.ruskalaukka.fi\/en\/wp-json\/wp\/v2\/pages\/8904\/revisions\/13128"}],"wp:attachment":[{"href":"https:\/\/www.ruskalaukka.fi\/en\/wp-json\/wp\/v2\/media?parent=8904"}],"curies":[{"name":"wp","href":"https:\/\/api.w.org\/{rel}","templated":true}]}}