{"id":9395,"date":"2021-08-10T13:28:36","date_gmt":"2021-08-10T10:28:36","guid":{"rendered":"https:\/\/www.ruskalaukka.fi\/?page_id=9395"},"modified":"2021-08-25T14:08:06","modified_gmt":"2021-08-25T11:08:06","slug":"values","status":"publish","type":"page","link":"https:\/\/www.ruskalaukka.fi\/en\/values\/","title":{"rendered":"Values"},"content":{"rendered":"\n<div class=\"wp-block-cover alignfull has-background-dim\" style=\"min-height:450px;aspect-ratio:unset;\"><img loading=\"lazy\" decoding=\"async\" width=\"2560\" height=\"1920\" class=\"wp-block-cover__image-background wp-image-806\" alt=\"\" src=\"https:\/\/www.ruskalaukka.fi\/wp-content\/uploads\/2020\/10\/20200207_082320-scaled.jpg\" style=\"object-position:57% 57%\" data-object-fit=\"cover\" data-object-position=\"57% 57%\" srcset=\"https:\/\/www.ruskalaukka.fi\/wp-content\/uploads\/2020\/10\/20200207_082320-scaled.jpg 2560w, https:\/\/www.ruskalaukka.fi\/wp-content\/uploads\/2020\/10\/20200207_082320-300x225.jpg 300w, https:\/\/www.ruskalaukka.fi\/wp-content\/uploads\/2020\/10\/20200207_082320-1024x768.jpg 1024w, https:\/\/www.ruskalaukka.fi\/wp-content\/uploads\/2020\/10\/20200207_082320-768x576.jpg 768w, https:\/\/www.ruskalaukka.fi\/wp-content\/uploads\/2020\/10\/20200207_082320-1536x1152.jpg 1536w, https:\/\/www.ruskalaukka.fi\/wp-content\/uploads\/2020\/10\/20200207_082320-2048x1536.jpg 2048w, https:\/\/www.ruskalaukka.fi\/wp-content\/uploads\/2020\/10\/20200207_082320-173x130.jpg 173w, https:\/\/www.ruskalaukka.fi\/wp-content\/uploads\/2020\/10\/20200207_082320-343x257.jpg 343w, https:\/\/www.ruskalaukka.fi\/wp-content\/uploads\/2020\/10\/20200207_082320-1920x1440.jpg 1920w, https:\/\/www.ruskalaukka.fi\/wp-content\/uploads\/2020\/10\/20200207_082320-1400x1050.jpg 1400w, https:\/\/www.ruskalaukka.fi\/wp-content\/uploads\/2020\/10\/20200207_082320-480x360.jpg 480w, https:\/\/www.ruskalaukka.fi\/wp-content\/uploads\/2020\/10\/20200207_082320-600x450.jpg 600w\" sizes=\"auto, (max-width: 2560px) 100vw, 2560px\" \/><div class=\"wp-block-cover__inner-container is-layout-flow wp-block-cover-is-layout-flow\">\n<h2 class=\"has-text-align-center wp-block-heading\">Animals first<\/h2>\n\n\n\n<p class=\"has-text-align-center\">Welfare and ethical treatment of animals, sustainability and equality beween people are important  for us.<\/p>\n<\/div><\/div>\n\n\n\n<div class=\"wp-block-media-text alignwide has-media-on-the-right is-stacked-on-mobile is-vertically-aligned-center\"><figure class=\"wp-block-media-text__media\"><img loading=\"lazy\" decoding=\"async\" width=\"768\" height=\"1024\" src=\"https:\/\/www.ruskalaukka.fi\/wp-content\/uploads\/2020\/11\/IMG-20200520-WA0018-768x1024.jpg\" alt=\"Mets\u00e4tarhat, aukeat pellot sek\u00e4 yhdess\u00e4 asuminen pihatoissa tukevat hevosten hyvinvointia Ruska Laukan tallilla Ruka-Kuusamossa\" class=\"wp-image-6456 size-full\" srcset=\"https:\/\/www.ruskalaukka.fi\/wp-content\/uploads\/2020\/11\/IMG-20200520-WA0018-768x1024.jpg 768w, https:\/\/www.ruskalaukka.fi\/wp-content\/uploads\/2020\/11\/IMG-20200520-WA0018-225x300.jpg 225w, https:\/\/www.ruskalaukka.fi\/wp-content\/uploads\/2020\/11\/IMG-20200520-WA0018-1152x1536.jpg 1152w, https:\/\/www.ruskalaukka.fi\/wp-content\/uploads\/2020\/11\/IMG-20200520-WA0018-98x130.jpg 98w, https:\/\/www.ruskalaukka.fi\/wp-content\/uploads\/2020\/11\/IMG-20200520-WA0018-193x257.jpg 193w, https:\/\/www.ruskalaukka.fi\/wp-content\/uploads\/2020\/11\/IMG-20200520-WA0018-480x640.jpg 480w, https:\/\/www.ruskalaukka.fi\/wp-content\/uploads\/2020\/11\/IMG-20200520-WA0018-600x800.jpg 600w, https:\/\/www.ruskalaukka.fi\/wp-content\/uploads\/2020\/11\/IMG-20200520-WA0018.jpg 1200w\" sizes=\"auto, (max-width: 768px) 100vw, 768px\" \/><\/figure><div class=\"wp-block-media-text__content\">\n<h3 class=\"wp-block-heading\">The good life of animals<\/h3>\n\n\n\n<p>Each of our animals \u2013 horse, dog, sheep or chicken &#8211; is an individual with a name and a story. The animals have access to species-specific behavior, a clean and safe habitat, and a reasonable amount of work. <\/p>\n\n\n\n<p>The horses of Ruska Laukka live in the paddocks with free access to indoors. Animals are trained with ethical methods that are based on latest research. Our standards for animal welfare are significantly higher than the minimum level of the Animal Welfare Act and regulations.<\/p>\n\n\n\n<p>Ruska Laukka has been awarded with the Sustainable Travel Finland label by Business Finland as evidence by undergoing the entire program and fulfilling the criteria of responsibly produced travelling services. We are also member of the Finnish Equestrian Association, Trail Riding Union of Finland and Green Care Finland.<\/p>\n<\/div><\/div>\n\n\n\n<div class=\"wp-block-media-text alignwide is-stacked-on-mobile is-vertically-aligned-center\"><figure class=\"wp-block-media-text__media\"><img loading=\"lazy\" decoding=\"async\" width=\"1024\" height=\"768\" src=\"https:\/\/www.ruskalaukka.fi\/wp-content\/uploads\/2020\/11\/20200826_163722-1-1024x768.jpg\" alt=\"\" class=\"wp-image-7333 size-full\" srcset=\"https:\/\/www.ruskalaukka.fi\/wp-content\/uploads\/2020\/11\/20200826_163722-1-1024x768.jpg 1024w, https:\/\/www.ruskalaukka.fi\/wp-content\/uploads\/2020\/11\/20200826_163722-1-300x225.jpg 300w, https:\/\/www.ruskalaukka.fi\/wp-content\/uploads\/2020\/11\/20200826_163722-1-768x576.jpg 768w, https:\/\/www.ruskalaukka.fi\/wp-content\/uploads\/2020\/11\/20200826_163722-1-1536x1152.jpg 1536w, https:\/\/www.ruskalaukka.fi\/wp-content\/uploads\/2020\/11\/20200826_163722-1-2048x1536.jpg 2048w, https:\/\/www.ruskalaukka.fi\/wp-content\/uploads\/2020\/11\/20200826_163722-1-173x130.jpg 173w, https:\/\/www.ruskalaukka.fi\/wp-content\/uploads\/2020\/11\/20200826_163722-1-343x257.jpg 343w, https:\/\/www.ruskalaukka.fi\/wp-content\/uploads\/2020\/11\/20200826_163722-1-1920x1440.jpg 1920w, https:\/\/www.ruskalaukka.fi\/wp-content\/uploads\/2020\/11\/20200826_163722-1-1400x1050.jpg 1400w, https:\/\/www.ruskalaukka.fi\/wp-content\/uploads\/2020\/11\/20200826_163722-1-480x360.jpg 480w, https:\/\/www.ruskalaukka.fi\/wp-content\/uploads\/2020\/11\/20200826_163722-1-600x450.jpg 600w\" sizes=\"auto, (max-width: 1024px) 100vw, 1024px\" \/><\/figure><div class=\"wp-block-media-text__content\">\n<h3 class=\"wp-block-heading\">Things that guide our work<\/h3>\n\n\n\n<p>We strongly believe in animal welfare and ethical treatment, as well as equality between people. We work every day to make sure that we all feel comfortable and a part of our stable community\u2013 everyone has their own important part. <\/p>\n\n\n\n<p>Lots of our customers are tourists and horse riders but also persons belonging to special groups. For them in particular, enabling inclusion and participation is our heart\u2019s desire.<\/p>\n<\/div><\/div>\n\n\n\n<div class=\"wp-block-media-text alignwide has-media-on-the-right is-stacked-on-mobile is-vertically-aligned-center\"><figure class=\"wp-block-media-text__media\"><img loading=\"lazy\" decoding=\"async\" width=\"715\" height=\"715\" src=\"https:\/\/www.ruskalaukka.fi\/wp-content\/uploads\/2020\/10\/Pihapiiria-5-1.jpg\" alt=\"Ruska Laukka tallin pihapiirist\u00e4 kes\u00e4- ja talvikuvia Ruka-Kuusamossa\" class=\"wp-image-5452 size-full\" srcset=\"https:\/\/www.ruskalaukka.fi\/wp-content\/uploads\/2020\/10\/Pihapiiria-5-1.jpg 715w, https:\/\/www.ruskalaukka.fi\/wp-content\/uploads\/2020\/10\/Pihapiiria-5-1-300x300.jpg 300w, https:\/\/www.ruskalaukka.fi\/wp-content\/uploads\/2020\/10\/Pihapiiria-5-1-150x150.jpg 150w, https:\/\/www.ruskalaukka.fi\/wp-content\/uploads\/2020\/10\/Pihapiiria-5-1-130x130.jpg 130w, https:\/\/www.ruskalaukka.fi\/wp-content\/uploads\/2020\/10\/Pihapiiria-5-1-257x257.jpg 257w, https:\/\/www.ruskalaukka.fi\/wp-content\/uploads\/2020\/10\/Pihapiiria-5-1-480x480.jpg 480w, https:\/\/www.ruskalaukka.fi\/wp-content\/uploads\/2020\/10\/Pihapiiria-5-1-600x600.jpg 600w, https:\/\/www.ruskalaukka.fi\/wp-content\/uploads\/2020\/10\/Pihapiiria-5-1-100x100.jpg 100w\" sizes=\"auto, (max-width: 715px) 100vw, 715px\" \/><\/figure><div class=\"wp-block-media-text__content\">\n<h3 class=\"wp-block-heading\">Empowering community<\/h3>\n\n\n\n<p>Belonging to a stable community is an empowering experience. Stable community is positive and permissive and you can come just as you are.The cozy stable environment is a great place to practice social situations and relax.<\/p>\n\n\n\n<p>Everyone can participate. A participatory farm environment is a cornerstone of our activities. The stable building and the courtyard are unobstructed.<\/p>\n\n\n\n<p>We take care of each other and have good community spirit and we are all equal. We treat animals, co-workers and customers friendly.<\/p>\n<\/div><\/div>\n\n\n\n<div class=\"wp-block-media-text alignwide is-stacked-on-mobile is-vertically-aligned-center\"><figure class=\"wp-block-media-text__media\"><img loading=\"lazy\" decoding=\"async\" width=\"768\" height=\"1024\" src=\"https:\/\/www.ruskalaukka.fi\/wp-content\/uploads\/2020\/10\/20200821_150133-768x1024.jpg\" alt=\"Ruska Laukan tallilla suomenhevosia Ruka-Kuusamossa\" class=\"wp-image-5907 size-full\" srcset=\"https:\/\/www.ruskalaukka.fi\/wp-content\/uploads\/2020\/10\/20200821_150133-768x1024.jpg 768w, https:\/\/www.ruskalaukka.fi\/wp-content\/uploads\/2020\/10\/20200821_150133-225x300.jpg 225w, https:\/\/www.ruskalaukka.fi\/wp-content\/uploads\/2020\/10\/20200821_150133-1152x1536.jpg 1152w, https:\/\/www.ruskalaukka.fi\/wp-content\/uploads\/2020\/10\/20200821_150133-1536x2048.jpg 1536w, https:\/\/www.ruskalaukka.fi\/wp-content\/uploads\/2020\/10\/20200821_150133-98x130.jpg 98w, https:\/\/www.ruskalaukka.fi\/wp-content\/uploads\/2020\/10\/20200821_150133-193x257.jpg 193w, https:\/\/www.ruskalaukka.fi\/wp-content\/uploads\/2020\/10\/20200821_150133-scaled.jpg 1920w, https:\/\/www.ruskalaukka.fi\/wp-content\/uploads\/2020\/10\/20200821_150133-1400x1867.jpg 1400w, https:\/\/www.ruskalaukka.fi\/wp-content\/uploads\/2020\/10\/20200821_150133-480x640.jpg 480w, https:\/\/www.ruskalaukka.fi\/wp-content\/uploads\/2020\/10\/20200821_150133-600x800.jpg 600w\" sizes=\"auto, (max-width: 768px) 100vw, 768px\" \/><\/figure><div class=\"wp-block-media-text__content\">\n<h3 class=\"wp-block-heading\">Ecological responsibility<\/h3>\n\n\n\n<p>Preserving biodiversity is part of our function. The farm area has managed field and forest pastures, managed wetlands, traditional biotope meadows and a restored creek. Grazing horses and sheep contribute to the survival of many traditional meadow plants.<\/p>\n\n\n\n<p>All our activities are carried out by muscle. No motorized vehicles are used on the trip. Where possible, we encourage our customers and employees to take carpools, which we also arrange ourselves. Paddock promotes the well-being of horses and is also an ecologically sustainable solution. <\/p>\n\n\n\n<p>We strive to use local and recycled materials in construction and repair. Part of the responsibility is also the desire to cherish Finnish indigenous breeds like horses, chickens and sheep.<\/p>\n<\/div><\/div>\n\n\n\n<div class=\"wp-block-media-text alignwide has-media-on-the-right is-stacked-on-mobile is-vertically-aligned-center\"><figure class=\"wp-block-media-text__media\"><img loading=\"lazy\" decoding=\"async\" width=\"1024\" height=\"768\" src=\"https:\/\/www.ruskalaukka.fi\/wp-content\/uploads\/2020\/11\/20200922_152354-1024x768.jpg\" alt=\"Sosiaalipedagoginen el\u00e4inavusteinen toiminta Ruska Laukan tallilla Ruka-Kuusamossa\" class=\"wp-image-7078 size-full\" srcset=\"https:\/\/www.ruskalaukka.fi\/wp-content\/uploads\/2020\/11\/20200922_152354-1024x768.jpg 1024w, https:\/\/www.ruskalaukka.fi\/wp-content\/uploads\/2020\/11\/20200922_152354-300x225.jpg 300w, https:\/\/www.ruskalaukka.fi\/wp-content\/uploads\/2020\/11\/20200922_152354-768x576.jpg 768w, https:\/\/www.ruskalaukka.fi\/wp-content\/uploads\/2020\/11\/20200922_152354-1536x1152.jpg 1536w, https:\/\/www.ruskalaukka.fi\/wp-content\/uploads\/2020\/11\/20200922_152354-2048x1536.jpg 2048w, https:\/\/www.ruskalaukka.fi\/wp-content\/uploads\/2020\/11\/20200922_152354-173x130.jpg 173w, https:\/\/www.ruskalaukka.fi\/wp-content\/uploads\/2020\/11\/20200922_152354-343x257.jpg 343w, https:\/\/www.ruskalaukka.fi\/wp-content\/uploads\/2020\/11\/20200922_152354-1920x1440.jpg 1920w, https:\/\/www.ruskalaukka.fi\/wp-content\/uploads\/2020\/11\/20200922_152354-1400x1050.jpg 1400w, https:\/\/www.ruskalaukka.fi\/wp-content\/uploads\/2020\/11\/20200922_152354-480x360.jpg 480w, https:\/\/www.ruskalaukka.fi\/wp-content\/uploads\/2020\/11\/20200922_152354-600x450.jpg 600w\" sizes=\"auto, (max-width: 1024px) 100vw, 1024px\" \/><\/figure><div class=\"wp-block-media-text__content\">\n<h3 class=\"wp-block-heading\">Safety<\/h3>\n\n\n\n<p>We pay attention to hygiene, health and safety when working with animals in our daily activities. All of our workers have degree that allows safe working with animals. We have enough staff in relation to the animals on the farm and the visiting customers. Our animals are trained for their tasks. Protective equipment for customers is up-to-date and safe. The activities are carried out in small groups, which allows for an individual and unhurried experience.<\/p>\n<\/div><\/div>\n\n\n\n<div class=\"wp-block-media-text alignwide is-stacked-on-mobile is-vertically-aligned-center\"><figure class=\"wp-block-media-text__media\"><img loading=\"lazy\" decoding=\"async\" width=\"1024\" height=\"683\" src=\"https:\/\/www.ruskalaukka.fi\/wp-content\/uploads\/2020\/11\/IMG_6695-1024x683.jpg\" alt=\"Sosiaalipedagoginen hevostoiminta Ruska Laukan tallilla Ruka-Kuusamossa\" class=\"wp-image-7540 size-full\" srcset=\"https:\/\/www.ruskalaukka.fi\/wp-content\/uploads\/2020\/11\/IMG_6695-1024x683.jpg 1024w, https:\/\/www.ruskalaukka.fi\/wp-content\/uploads\/2020\/11\/IMG_6695-300x200.jpg 300w, https:\/\/www.ruskalaukka.fi\/wp-content\/uploads\/2020\/11\/IMG_6695-768x512.jpg 768w, https:\/\/www.ruskalaukka.fi\/wp-content\/uploads\/2020\/11\/IMG_6695-1536x1024.jpg 1536w, https:\/\/www.ruskalaukka.fi\/wp-content\/uploads\/2020\/11\/IMG_6695-2048x1365.jpg 2048w, https:\/\/www.ruskalaukka.fi\/wp-content\/uploads\/2020\/11\/IMG_6695-195x130.jpg 195w, https:\/\/www.ruskalaukka.fi\/wp-content\/uploads\/2020\/11\/IMG_6695-386x257.jpg 386w, https:\/\/www.ruskalaukka.fi\/wp-content\/uploads\/2020\/11\/IMG_6695-1920x1280.jpg 1920w, https:\/\/www.ruskalaukka.fi\/wp-content\/uploads\/2020\/11\/IMG_6695-1400x933.jpg 1400w, https:\/\/www.ruskalaukka.fi\/wp-content\/uploads\/2020\/11\/IMG_6695-480x320.jpg 480w, https:\/\/www.ruskalaukka.fi\/wp-content\/uploads\/2020\/11\/IMG_6695-600x400.jpg 600w\" sizes=\"auto, (max-width: 1024px) 100vw, 1024px\" \/><\/figure><div class=\"wp-block-media-text__content\">\n<h3 class=\"wp-block-heading\">Memberships and certificates<\/h3>\n\n\n\n<p>In September 2020, we received Visit Finland&#8217;s Sustainable Travel Finland label as a sign of long-term responsible operations. We are committed to STF-Finland&#8217;s principles of sustainable tourism.<\/p>\n<\/div><\/div>\n","protected":false},"excerpt":{"rendered":"<p>The good life of animals Each of our animals \u2013 horse, dog, sheep or chicken &#8211; is an individual with a name and a story. The animals have access to species-specific behavior, a clean and safe habitat, and a reasonable amount of work. The horses of Ruska Laukka live in the paddocks with free access\u2026<\/p>\n","protected":false},"author":1,"featured_media":0,"parent":0,"menu_order":0,"comment_status":"closed","ping_status":"closed","template":"","meta":{"_acf_changed":false,"footnotes":""},"class_list":["post-9395","page","type-page","status-publish","hentry"],"acf":[],"_links":{"self":[{"href":"https:\/\/www.ruskalaukka.fi\/en\/wp-json\/wp\/v2\/pages\/9395","targetHints":{"allow":["GET"]}}],"collection":[{"href":"https:\/\/www.ruskalaukka.fi\/en\/wp-json\/wp\/v2\/pages"}],"about":[{"href":"https:\/\/www.ruskalaukka.fi\/en\/wp-json\/wp\/v2\/types\/page"}],"author":[{"embeddable":true,"href":"https:\/\/www.ruskalaukka.fi\/en\/wp-json\/wp\/v2\/users\/1"}],"replies":[{"embeddable":true,"href":"https:\/\/www.ruskalaukka.fi\/en\/wp-json\/wp\/v2\/comments?post=9395"}],"version-history":[{"count":2,"href":"https:\/\/www.ruskalaukka.fi\/en\/wp-json\/wp\/v2\/pages\/9395\/revisions"}],"predecessor-version":[{"id":9412,"href":"https:\/\/www.ruskalaukka.fi\/en\/wp-json\/wp\/v2\/pages\/9395\/revisions\/9412"}],"wp:attachment":[{"href":"https:\/\/www.ruskalaukka.fi\/en\/wp-json\/wp\/v2\/media?parent=9395"}],"curies":[{"name":"wp","href":"https:\/\/api.w.org\/{rel}","templated":true}]}}