{"id":9524,"date":"2021-08-25T15:11:18","date_gmt":"2021-08-25T12:11:18","guid":{"rendered":"https:\/\/www.ruskalaukka.fi\/?page_id=9524"},"modified":"2021-08-25T15:11:20","modified_gmt":"2021-08-25T12:11:20","slug":"growth-stories","status":"publish","type":"page","link":"https:\/\/www.ruskalaukka.fi\/en\/growth-stories\/","title":{"rendered":"Growth stories"},"content":{"rendered":"\n<div class=\"wp-block-cover alignfull has-background-dim is-position-center-center\"><img loading=\"lazy\" decoding=\"async\" width=\"1376\" height=\"919\" class=\"wp-block-cover__image-background wp-image-1578\" alt=\"\" src=\"https:\/\/www.ruskalaukka.fi\/wp-content\/uploads\/2020\/10\/Hevoset_niitylla-8.jpg\" style=\"object-position:51% 64%\" data-object-fit=\"cover\" data-object-position=\"51% 64%\" srcset=\"https:\/\/www.ruskalaukka.fi\/wp-content\/uploads\/2020\/10\/Hevoset_niitylla-8.jpg 1376w, https:\/\/www.ruskalaukka.fi\/wp-content\/uploads\/2020\/10\/Hevoset_niitylla-8-300x200.jpg 300w, https:\/\/www.ruskalaukka.fi\/wp-content\/uploads\/2020\/10\/Hevoset_niitylla-8-1024x684.jpg 1024w, https:\/\/www.ruskalaukka.fi\/wp-content\/uploads\/2020\/10\/Hevoset_niitylla-8-768x513.jpg 768w, https:\/\/www.ruskalaukka.fi\/wp-content\/uploads\/2020\/10\/Hevoset_niitylla-8-195x130.jpg 195w, https:\/\/www.ruskalaukka.fi\/wp-content\/uploads\/2020\/10\/Hevoset_niitylla-8-385x257.jpg 385w, https:\/\/www.ruskalaukka.fi\/wp-content\/uploads\/2020\/10\/Hevoset_niitylla-8-480x321.jpg 480w, https:\/\/www.ruskalaukka.fi\/wp-content\/uploads\/2020\/10\/Hevoset_niitylla-8-600x401.jpg 600w\" sizes=\"auto, (max-width: 1376px) 100vw, 1376px\" \/><div class=\"wp-block-cover__inner-container is-layout-flow wp-block-cover-is-layout-flow\">\n<h1 class=\"has-text-align-center wp-block-heading\">Growth stories<\/h1>\n\n\n\n<p class=\"has-text-align-center\"><strong>&#8220;<\/strong>the corridor of Ruska Laukka stable became a particularly beloved place for me&#8221;<\/p>\n<\/div><\/div>\n\n\n\n<div class=\"wp-block-media-text alignwide has-media-on-the-right is-stacked-on-mobile is-vertically-aligned-center\" style=\"grid-template-columns:auto 47%\"><figure class=\"wp-block-media-text__media\"><img loading=\"lazy\" decoding=\"async\" width=\"768\" height=\"1024\" src=\"https:\/\/www.ruskalaukka.fi\/wp-content\/uploads\/2020\/11\/20200930_090945-768x1024.jpg\" alt=\"\" class=\"wp-image-7356 size-full\" srcset=\"https:\/\/www.ruskalaukka.fi\/wp-content\/uploads\/2020\/11\/20200930_090945-768x1024.jpg 768w, https:\/\/www.ruskalaukka.fi\/wp-content\/uploads\/2020\/11\/20200930_090945-225x300.jpg 225w, https:\/\/www.ruskalaukka.fi\/wp-content\/uploads\/2020\/11\/20200930_090945-1152x1536.jpg 1152w, https:\/\/www.ruskalaukka.fi\/wp-content\/uploads\/2020\/11\/20200930_090945-1536x2048.jpg 1536w, https:\/\/www.ruskalaukka.fi\/wp-content\/uploads\/2020\/11\/20200930_090945-220x293.jpg 220w, https:\/\/www.ruskalaukka.fi\/wp-content\/uploads\/2020\/11\/20200930_090945-193x257.jpg 193w, https:\/\/www.ruskalaukka.fi\/wp-content\/uploads\/2020\/11\/20200930_090945-360x480.jpg 360w, https:\/\/www.ruskalaukka.fi\/wp-content\/uploads\/2020\/11\/20200930_090945-600x800.jpg 600w, https:\/\/www.ruskalaukka.fi\/wp-content\/uploads\/2020\/11\/20200930_090945-scaled.jpg 1920w\" sizes=\"auto, (max-width: 768px) 100vw, 768px\" \/><\/figure><div class=\"wp-block-media-text__content\">\n<h5 class=\"wp-block-heading\"> <\/h5>\n\n\n\n<h4 class=\"wp-block-heading\">I brought also my daugter ro Ruska Laukka to grow<\/h4>\n\n\n\n<p>\u201cI was a young girl who managed to grumble about something in my life every week. When I arrived at work in the mornings, Sanna knew what my mood was and called to come for breakfast before starting work. I have also brought my own daughter to Ruska Laukka and I can see how the horses have already made her grow tremendously with herself.&#8221;<\/p>\n\n\n\n<p>-former trainee<\/p>\n<\/div><\/div>\n\n\n\n<div class=\"wp-block-media-text alignwide is-stacked-on-mobile is-vertically-aligned-center\"><figure class=\"wp-block-media-text__media\"><img loading=\"lazy\" decoding=\"async\" width=\"1024\" height=\"768\" src=\"https:\/\/www.ruskalaukka.fi\/wp-content\/uploads\/2020\/10\/Hevonen_syysmaisemassa-1-1-1024x768.jpg\" alt=\"Ruska Laukka tallin pihapiirist\u00e4 kes\u00e4- ja talvikuvia Ruka-Kuusamossa\" class=\"wp-image-4226 size-full\" srcset=\"https:\/\/www.ruskalaukka.fi\/wp-content\/uploads\/2020\/10\/Hevonen_syysmaisemassa-1-1-1024x768.jpg 1024w, https:\/\/www.ruskalaukka.fi\/wp-content\/uploads\/2020\/10\/Hevonen_syysmaisemassa-1-1-300x225.jpg 300w, https:\/\/www.ruskalaukka.fi\/wp-content\/uploads\/2020\/10\/Hevonen_syysmaisemassa-1-1-768x576.jpg 768w, https:\/\/www.ruskalaukka.fi\/wp-content\/uploads\/2020\/10\/Hevonen_syysmaisemassa-1-1-220x165.jpg 220w, https:\/\/www.ruskalaukka.fi\/wp-content\/uploads\/2020\/10\/Hevonen_syysmaisemassa-1-1-343x257.jpg 343w, https:\/\/www.ruskalaukka.fi\/wp-content\/uploads\/2020\/10\/Hevonen_syysmaisemassa-1-1-480x360.jpg 480w, https:\/\/www.ruskalaukka.fi\/wp-content\/uploads\/2020\/10\/Hevonen_syysmaisemassa-1-1-600x450.jpg 600w, https:\/\/www.ruskalaukka.fi\/wp-content\/uploads\/2020\/10\/Hevonen_syysmaisemassa-1-1.jpg 1280w\" sizes=\"auto, (max-width: 1024px) 100vw, 1024px\" \/><\/figure><div class=\"wp-block-media-text__content\">\n<h4 class=\"wp-block-heading\">I was always enough in the stable<\/h4>\n\n\n\n<p>Saattaa kuulostaa omituiselta, mutta Ruska Laukan tallin k\u00e4yt\u00e4v\u00e4 muodostui minulle erityisen rakkaaksi paikaksi. Itse asiassa siit\u00e4 tuli <\/p>\n\n\n\n<p>\u201cSince I was a teenager, I have taken care of my mental health with the help of horses. Sometimes consciously and sometimes unconsciously. Riding and visiting a beloved stable saved me once in my twenties and again in my thirties when I lived in Kuusamo. At that time, Ruska Laukka stable, its horses, staff and the whole stable community brought many much-needed good moments to my otherwise very distressing and exhausting life. If I felt I was unfit elsewhere, I was always enough in the stable. I was appreciated and listened to. I felt like I was part of the community.<\/p>\n\n\n\n<p>I enjoy riding more than before, but above all I can ride so that the horse is also comfortable. Doing things so that the horse is comfortable is an important thing that I only really realized in Ruska Laukka stable. I also had very valuable success experiences with horses and riding.<\/p>\n\n\n\n<p>It may sound strange, but the corridor of Ruska Laukka stable became a particularly beloved place for me. In fact, it even became part of my psychotherapy process. I took advantage of the image of myself standing in the hallway of Ruska Laukka stable whenever my therapist asked me to imagine myself in a particularly safe place.\u201d<\/p>\n\n\n\n<p>&#8211; adult rider<\/p>\n<\/div><\/div>\n\n\n\n<div class=\"wp-block-media-text alignwide has-media-on-the-right is-stacked-on-mobile is-vertically-aligned-center\"><figure class=\"wp-block-media-text__media\"><img loading=\"lazy\" decoding=\"async\" width=\"1024\" height=\"683\" src=\"https:\/\/www.ruskalaukka.fi\/wp-content\/uploads\/2020\/10\/Hevoset_juoksevat3-scaled-1-1024x683.jpg\" alt=\"Ruska Laukan tallilla kavereiden kanssa hengailua ja kes\u00e4 laidunnan alkamisen riemua Ruka-Kuusamossa\" class=\"wp-image-4232 size-full\" srcset=\"https:\/\/www.ruskalaukka.fi\/wp-content\/uploads\/2020\/10\/Hevoset_juoksevat3-scaled-1-1024x683.jpg 1024w, https:\/\/www.ruskalaukka.fi\/wp-content\/uploads\/2020\/10\/Hevoset_juoksevat3-scaled-1-300x200.jpg 300w, https:\/\/www.ruskalaukka.fi\/wp-content\/uploads\/2020\/10\/Hevoset_juoksevat3-scaled-1-768x512.jpg 768w, https:\/\/www.ruskalaukka.fi\/wp-content\/uploads\/2020\/10\/Hevoset_juoksevat3-scaled-1-1536x1024.jpg 1536w, https:\/\/www.ruskalaukka.fi\/wp-content\/uploads\/2020\/10\/Hevoset_juoksevat3-scaled-1-2048x1366.jpg 2048w, https:\/\/www.ruskalaukka.fi\/wp-content\/uploads\/2020\/10\/Hevoset_juoksevat3-scaled-1-220x147.jpg 220w, https:\/\/www.ruskalaukka.fi\/wp-content\/uploads\/2020\/10\/Hevoset_juoksevat3-scaled-1-385x257.jpg 385w, https:\/\/www.ruskalaukka.fi\/wp-content\/uploads\/2020\/10\/Hevoset_juoksevat3-scaled-1-480x320.jpg 480w, https:\/\/www.ruskalaukka.fi\/wp-content\/uploads\/2020\/10\/Hevoset_juoksevat3-scaled-1-600x400.jpg 600w\" sizes=\"auto, (max-width: 1024px) 100vw, 1024px\" \/><\/figure><div class=\"wp-block-media-text__content\">\n<h4 class=\"wp-block-heading\">In Ronivaara I really learnt to know the horse<\/h4>\n\n\n\n<p>\u201cIn Ruska Laukka, finnhorse became my favorite horse breed, and with the help of Sanna and Nea, I learned to follow horses as a person, to &#8220;talk&#8221; with horses and I gained valuable information. So Ruska Laukka opened up my worldview in the horse hobby much more in the few years that I had learned in riding schools and as a horse owner during the previous 17 years. Mistakes were discussed, development was considered and good work was recognized.<\/p>\n\n\n\n<p>The stable community encouraged each other to cope when they were tired and would not have been able to work, and many times I was happy to stay in Ruska Laukka for half a day just because it was so nice there. Ruska Laukka is a family, not just a stable place.\u201d<\/p>\n\n\n\n<p>&#8211; trainee<\/p>\n<\/div><\/div>\n\n\n\n<div class=\"wp-block-group alignwide\"><div class=\"wp-block-group__inner-container is-layout-flow wp-block-group-is-layout-flow\"><\/div><\/div>\n\n\n\n<div class=\"wp-block-group\"><div class=\"wp-block-group__inner-container is-layout-flow wp-block-group-is-layout-flow\"><\/div><\/div>\n","protected":false},"excerpt":{"rendered":"<p>I brought also my daugter ro Ruska Laukka to grow \u201cI was a young girl who managed to grumble about something in my life every week. When I arrived at work in the mornings, Sanna knew what my mood was and called to come for breakfast before starting work. I have also brought my own\u2026<\/p>\n","protected":false},"author":1,"featured_media":0,"parent":0,"menu_order":0,"comment_status":"closed","ping_status":"closed","template":"","meta":{"_acf_changed":false,"footnotes":""},"class_list":["post-9524","page","type-page","status-publish","hentry"],"acf":[],"_links":{"self":[{"href":"https:\/\/www.ruskalaukka.fi\/en\/wp-json\/wp\/v2\/pages\/9524","targetHints":{"allow":["GET"]}}],"collection":[{"href":"https:\/\/www.ruskalaukka.fi\/en\/wp-json\/wp\/v2\/pages"}],"about":[{"href":"https:\/\/www.ruskalaukka.fi\/en\/wp-json\/wp\/v2\/types\/page"}],"author":[{"embeddable":true,"href":"https:\/\/www.ruskalaukka.fi\/en\/wp-json\/wp\/v2\/users\/1"}],"replies":[{"embeddable":true,"href":"https:\/\/www.ruskalaukka.fi\/en\/wp-json\/wp\/v2\/comments?post=9524"}],"version-history":[{"count":1,"href":"https:\/\/www.ruskalaukka.fi\/en\/wp-json\/wp\/v2\/pages\/9524\/revisions"}],"predecessor-version":[{"id":9525,"href":"https:\/\/www.ruskalaukka.fi\/en\/wp-json\/wp\/v2\/pages\/9524\/revisions\/9525"}],"wp:attachment":[{"href":"https:\/\/www.ruskalaukka.fi\/en\/wp-json\/wp\/v2\/media?parent=9524"}],"curies":[{"name":"wp","href":"https:\/\/api.w.org\/{rel}","templated":true}]}}