{"id":9589,"date":"2021-08-31T11:11:31","date_gmt":"2021-08-31T08:11:31","guid":{"rendered":"https:\/\/www.ruskalaukka.fi\/?page_id=9589"},"modified":"2021-09-01T13:03:27","modified_gmt":"2021-09-01T10:03:27","slug":"ronivaara-farm","status":"publish","type":"page","link":"https:\/\/www.ruskalaukka.fi\/en\/ronivaara-farm\/","title":{"rendered":"Ronivaara farm"},"content":{"rendered":"\n<div class=\"wp-block-cover alignfull has-background-dim is-position-center-center\"><img loading=\"lazy\" decoding=\"async\" width=\"960\" height=\"540\" class=\"wp-block-cover__image-background wp-image-1268\" alt=\"\" src=\"https:\/\/www.ruskalaukka.fi\/wp-content\/uploads\/2020\/10\/3efaa4670c32f6c64b90cc210bcb41dd_DJI_0018kopio2.jpg\" style=\"object-position:48% 45%\" data-object-fit=\"cover\" data-object-position=\"48% 45%\" srcset=\"https:\/\/www.ruskalaukka.fi\/wp-content\/uploads\/2020\/10\/3efaa4670c32f6c64b90cc210bcb41dd_DJI_0018kopio2.jpg 960w, https:\/\/www.ruskalaukka.fi\/wp-content\/uploads\/2020\/10\/3efaa4670c32f6c64b90cc210bcb41dd_DJI_0018kopio2-300x169.jpg 300w, https:\/\/www.ruskalaukka.fi\/wp-content\/uploads\/2020\/10\/3efaa4670c32f6c64b90cc210bcb41dd_DJI_0018kopio2-768x432.jpg 768w, https:\/\/www.ruskalaukka.fi\/wp-content\/uploads\/2020\/10\/3efaa4670c32f6c64b90cc210bcb41dd_DJI_0018kopio2-231x130.jpg 231w, https:\/\/www.ruskalaukka.fi\/wp-content\/uploads\/2020\/10\/3efaa4670c32f6c64b90cc210bcb41dd_DJI_0018kopio2-400x225.jpg 400w, https:\/\/www.ruskalaukka.fi\/wp-content\/uploads\/2020\/10\/3efaa4670c32f6c64b90cc210bcb41dd_DJI_0018kopio2-480x270.jpg 480w, https:\/\/www.ruskalaukka.fi\/wp-content\/uploads\/2020\/10\/3efaa4670c32f6c64b90cc210bcb41dd_DJI_0018kopio2-600x338.jpg 600w\" sizes=\"auto, (max-width: 960px) 100vw, 960px\" \/><div class=\"wp-block-cover__inner-container is-layout-flow wp-block-cover-is-layout-flow\">\n<h1 class=\"has-text-align-center wp-block-heading\">Welcome to ronivaara<\/h1>\n\n\n\n<p class=\"has-text-align-center\">Everything to a good life.<\/p>\n<\/div><\/div>\n\n\n\n<div class=\"wp-block-group\"><div class=\"wp-block-group__inner-container is-layout-flow wp-block-group-is-layout-flow\"><\/div><\/div>\n\n\n\n<div class=\"wp-block-media-text alignwide has-media-on-the-right is-stacked-on-mobile is-vertically-aligned-center\"><figure class=\"wp-block-media-text__media\"><img loading=\"lazy\" decoding=\"async\" width=\"1024\" height=\"498\" src=\"https:\/\/www.ruskalaukka.fi\/wp-content\/uploads\/2020\/10\/Talo-3-1-scaled-1-1024x498.jpg\" alt=\"Ruska Laukka tallin pihapiirist\u00e4 kes\u00e4- ja talvikuvia Ruka-Kuusamossa\" class=\"wp-image-5835 size-full\" srcset=\"https:\/\/www.ruskalaukka.fi\/wp-content\/uploads\/2020\/10\/Talo-3-1-scaled-1-1024x498.jpg 1024w, https:\/\/www.ruskalaukka.fi\/wp-content\/uploads\/2020\/10\/Talo-3-1-scaled-1-300x146.jpg 300w, https:\/\/www.ruskalaukka.fi\/wp-content\/uploads\/2020\/10\/Talo-3-1-scaled-1-768x373.jpg 768w, https:\/\/www.ruskalaukka.fi\/wp-content\/uploads\/2020\/10\/Talo-3-1-scaled-1-1536x746.jpg 1536w, https:\/\/www.ruskalaukka.fi\/wp-content\/uploads\/2020\/10\/Talo-3-1-scaled-1-2048x995.jpg 2048w, https:\/\/www.ruskalaukka.fi\/wp-content\/uploads\/2020\/10\/Talo-3-1-scaled-1-220x107.jpg 220w, https:\/\/www.ruskalaukka.fi\/wp-content\/uploads\/2020\/10\/Talo-3-1-scaled-1-400x194.jpg 400w, https:\/\/www.ruskalaukka.fi\/wp-content\/uploads\/2020\/10\/Talo-3-1-scaled-1-480x233.jpg 480w, https:\/\/www.ruskalaukka.fi\/wp-content\/uploads\/2020\/10\/Talo-3-1-scaled-1-600x292.jpg 600w\" sizes=\"auto, (max-width: 1024px) 100vw, 1024px\" \/><\/figure><div class=\"wp-block-media-text__content\">\n<h2 class=\"wp-block-heading\">Ronivaara farm<\/h2>\n\n\n\n<p>Ruska Laukka is located in Meskusvaara, Kuusamo. The distance from the downtown area of Kuusamo to the farm is 10 kilometers. From Ruka to Ruska Laukka you can drive by car in half an hour. The farm&#8217;s yard is surrounded by forests and varied terrain.<\/p>\n\n\n\n<p>The diversity of nature and the importance of preserving the traditional landscape are reflected here. The lands of the farm include traditional biotopes and a restored wetland. You can get to know the life of the farm through the farm visit program.<\/p>\n\n\n\n<div class=\"wp-block-buttons is-layout-flex wp-block-buttons-is-layout-flex\">\n<div class=\"wp-block-button\"><a class=\"wp-block-button__link\" href=\"https:\/\/www.ruskalaukka.fi\/en\/farm-visits\/\">Read more about farm visits<\/a><\/div>\n<\/div>\n<\/div><\/div>\n\n\n\n<div class=\"wp-block-media-text alignwide is-stacked-on-mobile is-vertically-aligned-center\" style=\"grid-template-columns:44% auto\"><figure class=\"wp-block-media-text__media\"><img loading=\"lazy\" decoding=\"async\" width=\"768\" height=\"1024\" src=\"https:\/\/www.ruskalaukka.fi\/wp-content\/uploads\/2020\/10\/Pihapiiria-3-1-768x1024.jpg\" alt=\"Ruska Laukka tallin pihapiirist\u00e4 kes\u00e4- ja talvikuvia Ruka-Kuusamossa\" class=\"wp-image-5447 size-full\" srcset=\"https:\/\/www.ruskalaukka.fi\/wp-content\/uploads\/2020\/10\/Pihapiiria-3-1-768x1024.jpg 768w, https:\/\/www.ruskalaukka.fi\/wp-content\/uploads\/2020\/10\/Pihapiiria-3-1-225x300.jpg 225w, https:\/\/www.ruskalaukka.fi\/wp-content\/uploads\/2020\/10\/Pihapiiria-3-1-1152x1536.jpg 1152w, https:\/\/www.ruskalaukka.fi\/wp-content\/uploads\/2020\/10\/Pihapiiria-3-1-220x293.jpg 220w, https:\/\/www.ruskalaukka.fi\/wp-content\/uploads\/2020\/10\/Pihapiiria-3-1-193x257.jpg 193w, https:\/\/www.ruskalaukka.fi\/wp-content\/uploads\/2020\/10\/Pihapiiria-3-1-360x480.jpg 360w, https:\/\/www.ruskalaukka.fi\/wp-content\/uploads\/2020\/10\/Pihapiiria-3-1-600x800.jpg 600w, https:\/\/www.ruskalaukka.fi\/wp-content\/uploads\/2020\/10\/Pihapiiria-3-1.jpg 1200w\" sizes=\"auto, (max-width: 768px) 100vw, 768px\" \/><\/figure><div class=\"wp-block-media-text__content\">\n<h2 class=\"wp-block-heading\"><strong>Courtyard buildings<\/strong><\/h2>\n\n\n\n<p>The courtyard of the horse farm is dominated by a stable building. The building, which has been expanded from an old barn, has a stable with seven boxes, a stable room, a stable attic and a workshop for events and parties, storage and maintenance facilities. The stable is surrounded by paddocks.<\/p>\n\n\n\n<p>On the other side of the yard is a beautiful home and warehouse buildings for an entrepreneurial family.&nbsp; The history of the farm is exuded on the edge of the riding arena by a red cabin serving the public and events and an old village blacksmith&#8217;s workshop.<\/p>\n\n\n\n<div class=\"wp-block-buttons is-layout-flex wp-block-buttons-is-layout-flex\">\n<div class=\"wp-block-button\"><a class=\"wp-block-button__link\" href=\"https:\/\/www.ruskalaukka.fi\/en\/courtyard-buildings\/\">Read more about courtyard<\/a><\/div>\n<\/div>\n<\/div><\/div>\n\n\n\n<div class=\"wp-block-media-text alignwide has-media-on-the-right is-stacked-on-mobile is-vertically-aligned-center\" style=\"grid-template-columns:auto 44%\"><figure class=\"wp-block-media-text__media\"><img loading=\"lazy\" decoding=\"async\" width=\"1024\" height=\"768\" src=\"https:\/\/www.ruskalaukka.fi\/wp-content\/uploads\/2020\/10\/20200821_145608-1024x768.jpg\" alt=\"Mets\u00e4tarhat, aukeat pellot sek\u00e4 yhdess\u00e4 asuminen pihatoissa tukevat hevosten hyvinvointia Ruska Laukan tallilla Ruka-Kuusamossa\" class=\"wp-image-5900 size-full\" srcset=\"https:\/\/www.ruskalaukka.fi\/wp-content\/uploads\/2020\/10\/20200821_145608-1024x768.jpg 1024w, https:\/\/www.ruskalaukka.fi\/wp-content\/uploads\/2020\/10\/20200821_145608-300x225.jpg 300w, https:\/\/www.ruskalaukka.fi\/wp-content\/uploads\/2020\/10\/20200821_145608-768x576.jpg 768w, https:\/\/www.ruskalaukka.fi\/wp-content\/uploads\/2020\/10\/20200821_145608-1536x1152.jpg 1536w, https:\/\/www.ruskalaukka.fi\/wp-content\/uploads\/2020\/10\/20200821_145608-2048x1536.jpg 2048w, https:\/\/www.ruskalaukka.fi\/wp-content\/uploads\/2020\/10\/20200821_145608-220x165.jpg 220w, https:\/\/www.ruskalaukka.fi\/wp-content\/uploads\/2020\/10\/20200821_145608-343x257.jpg 343w, https:\/\/www.ruskalaukka.fi\/wp-content\/uploads\/2020\/10\/20200821_145608-480x360.jpg 480w, https:\/\/www.ruskalaukka.fi\/wp-content\/uploads\/2020\/10\/20200821_145608-600x450.jpg 600w\" sizes=\"auto, (max-width: 1024px) 100vw, 1024px\" \/><\/figure><div class=\"wp-block-media-text__content\">\n<h2 class=\"wp-block-heading\"><strong>Paddocks and pastures<\/strong><\/h2>\n\n\n\n<p>There are four paddocks in the yard and the horses have large forest pastures all year round. Horses go outside and play in the paddock in the herd. <\/p>\n\n\n\n<p>The well-being of horses and the right to breed behavior are important to us and these are made possible in herd and paddock life. <\/p>\n\n\n\n<div class=\"wp-block-buttons is-layout-flex wp-block-buttons-is-layout-flex\">\n<div class=\"wp-block-button\"><a class=\"wp-block-button__link\" href=\"https:\/\/www.ruskalaukka.fi\/en\/paddocks-and-fields\/\">Read more about life in paddocks<\/a><\/div>\n<\/div>\n\n\n\n<p> <\/p>\n<\/div><\/div>\n\n\n\n<div class=\"wp-block-media-text alignwide is-stacked-on-mobile is-vertically-aligned-center\"><figure class=\"wp-block-media-text__media\"><img loading=\"lazy\" decoding=\"async\" width=\"980\" height=\"980\" src=\"https:\/\/www.ruskalaukka.fi\/wp-content\/uploads\/2020\/10\/Vene_koriste-1-1.jpg\" alt=\"Ruska Laukka tallin pihapiirist\u00e4 kes\u00e4- ja talvikuvia Ruka-Kuusamossa\" class=\"wp-image-5460 size-full\" srcset=\"https:\/\/www.ruskalaukka.fi\/wp-content\/uploads\/2020\/10\/Vene_koriste-1-1.jpg 980w, https:\/\/www.ruskalaukka.fi\/wp-content\/uploads\/2020\/10\/Vene_koriste-1-1-300x300.jpg 300w, https:\/\/www.ruskalaukka.fi\/wp-content\/uploads\/2020\/10\/Vene_koriste-1-1-150x150.jpg 150w, https:\/\/www.ruskalaukka.fi\/wp-content\/uploads\/2020\/10\/Vene_koriste-1-1-768x768.jpg 768w, https:\/\/www.ruskalaukka.fi\/wp-content\/uploads\/2020\/10\/Vene_koriste-1-1-130x130.jpg 130w, https:\/\/www.ruskalaukka.fi\/wp-content\/uploads\/2020\/10\/Vene_koriste-1-1-257x257.jpg 257w, https:\/\/www.ruskalaukka.fi\/wp-content\/uploads\/2020\/10\/Vene_koriste-1-1-480x480.jpg 480w, https:\/\/www.ruskalaukka.fi\/wp-content\/uploads\/2020\/10\/Vene_koriste-1-1-600x600.jpg 600w, https:\/\/www.ruskalaukka.fi\/wp-content\/uploads\/2020\/10\/Vene_koriste-1-1-100x100.jpg 100w\" sizes=\"auto, (max-width: 980px) 100vw, 980px\" \/><\/figure><div class=\"wp-block-media-text__content\">\n<figure class=\"wp-block-pullquote is-style-default\"><blockquote><p><em>\u201d Ruska Laukka was just like what I expected! Wonderful milieu, sweet horses and friendly people!&#8221;<\/em><\/p><cite>a traveller<\/cite><\/blockquote><\/figure>\n<\/div><\/div>\n\n\n\n<div class=\"wp-block-media-text alignwide has-media-on-the-right is-stacked-on-mobile is-vertically-aligned-center\" style=\"grid-template-columns:auto 55%\"><figure class=\"wp-block-media-text__media\"><img loading=\"lazy\" decoding=\"async\" width=\"575\" height=\"1024\" src=\"https:\/\/www.ruskalaukka.fi\/wp-content\/uploads\/2020\/10\/Ratsastaja_ja_hevonen_hallissa-1-575x1024.jpg\" alt=\"Ruska Laukan tallilla valmennus-, yksityis-, pari-, pienryhm\u00e4 ja mini tunnit Ruka Kuusamossa\" class=\"wp-image-4389 size-full\" srcset=\"https:\/\/www.ruskalaukka.fi\/wp-content\/uploads\/2020\/10\/Ratsastaja_ja_hevonen_hallissa-1-575x1024.jpg 575w, https:\/\/www.ruskalaukka.fi\/wp-content\/uploads\/2020\/10\/Ratsastaja_ja_hevonen_hallissa-1-169x300.jpg 169w, https:\/\/www.ruskalaukka.fi\/wp-content\/uploads\/2020\/10\/Ratsastaja_ja_hevonen_hallissa-1-768x1367.jpg 768w, https:\/\/www.ruskalaukka.fi\/wp-content\/uploads\/2020\/10\/Ratsastaja_ja_hevonen_hallissa-1-863x1536.jpg 863w, https:\/\/www.ruskalaukka.fi\/wp-content\/uploads\/2020\/10\/Ratsastaja_ja_hevonen_hallissa-1-1151x2048.jpg 1151w, https:\/\/www.ruskalaukka.fi\/wp-content\/uploads\/2020\/10\/Ratsastaja_ja_hevonen_hallissa-1-220x392.jpg 220w, https:\/\/www.ruskalaukka.fi\/wp-content\/uploads\/2020\/10\/Ratsastaja_ja_hevonen_hallissa-1-144x257.jpg 144w, https:\/\/www.ruskalaukka.fi\/wp-content\/uploads\/2020\/10\/Ratsastaja_ja_hevonen_hallissa-1-270x480.jpg 270w, https:\/\/www.ruskalaukka.fi\/wp-content\/uploads\/2020\/10\/Ratsastaja_ja_hevonen_hallissa-1-300x533.jpg 300w, https:\/\/www.ruskalaukka.fi\/wp-content\/uploads\/2020\/10\/Ratsastaja_ja_hevonen_hallissa-1-600x1068.jpg 600w, https:\/\/www.ruskalaukka.fi\/wp-content\/uploads\/2020\/10\/Ratsastaja_ja_hevonen_hallissa-1.jpg 1154w\" sizes=\"auto, (max-width: 575px) 100vw, 575px\" \/><\/figure><div class=\"wp-block-media-text__content\">\n<h2 class=\"wp-block-heading\"><strong>Riding arena, indoor arena and trail route<\/strong><\/h2>\n\n\n\n<p>Ruska Laukka is a versatile, safe and pleasant place for horse riding. Varied terrains and routes, a large riding arena and a cozy indoor arena offer riding places all year round.<br><\/p>\n\n\n\n<div class=\"wp-block-buttons is-layout-flex wp-block-buttons-is-layout-flex\">\n<div class=\"wp-block-button\"><a class=\"wp-block-button__link\" href=\"https:\/\/www.ruskalaukka.fi\/en\/riding-areas-and-indoor-arena\/\">Read more about riding areas<\/a><\/div>\n<\/div>\n\n\n\n<p><\/p>\n<\/div><\/div>\n\n\n\n<div class=\"wp-block-media-text alignwide is-stacked-on-mobile is-vertically-aligned-center\" style=\"grid-template-columns:55% auto\"><figure class=\"wp-block-media-text__media\"><img loading=\"lazy\" decoding=\"async\" width=\"1024\" height=\"682\" src=\"https:\/\/www.ruskalaukka.fi\/wp-content\/uploads\/2020\/10\/Rantakivikkoa2-1-1024x682.jpg\" alt=\"Sosiaalipedagoginen seikkailua mets\u00e4ss\u00e4 ja veden \u00e4\u00e4rell\u00e4 Ruska Laukan tallilla Ruka-Kuusamossa\" class=\"wp-image-4214 size-full\" srcset=\"https:\/\/www.ruskalaukka.fi\/wp-content\/uploads\/2020\/10\/Rantakivikkoa2-1-1024x682.jpg 1024w, https:\/\/www.ruskalaukka.fi\/wp-content\/uploads\/2020\/10\/Rantakivikkoa2-1-300x200.jpg 300w, https:\/\/www.ruskalaukka.fi\/wp-content\/uploads\/2020\/10\/Rantakivikkoa2-1-768x512.jpg 768w, https:\/\/www.ruskalaukka.fi\/wp-content\/uploads\/2020\/10\/Rantakivikkoa2-1-220x147.jpg 220w, https:\/\/www.ruskalaukka.fi\/wp-content\/uploads\/2020\/10\/Rantakivikkoa2-1-386x257.jpg 386w, https:\/\/www.ruskalaukka.fi\/wp-content\/uploads\/2020\/10\/Rantakivikkoa2-1-480x320.jpg 480w, https:\/\/www.ruskalaukka.fi\/wp-content\/uploads\/2020\/10\/Rantakivikkoa2-1-600x400.jpg 600w, https:\/\/www.ruskalaukka.fi\/wp-content\/uploads\/2020\/10\/Rantakivikkoa2-1.jpg 1280w\" sizes=\"auto, (max-width: 1024px) 100vw, 1024px\" \/><\/figure><div class=\"wp-block-media-text__content\">\n<h2 class=\"wp-block-heading\"><strong>Traditional biotopes and wetland<\/strong><\/h2>\n\n\n\n<p>Ronivaarassa pidet\u00e4\u00e4n t\u00e4rke\u00e4n\u00e4 luonnon monimuotoisuuden ja perinnebiotooppien We consider it important to preserve biodiversity and traditional biotopes. <\/p>\n\n\n\n<div class=\"wp-block-buttons is-layout-flex wp-block-buttons-is-layout-flex\">\n<div class=\"wp-block-button\"><a class=\"wp-block-button__link\" href=\"https:\/\/www.ruskalaukka.fi\/en\/pastures-traditional-biotopes-and-roni-wetland\/\">Read more about biotopes and wetland<\/a><\/div>\n<\/div>\n<\/div><\/div>\n\n\n","protected":false},"excerpt":{"rendered":"<p>\u201d Ruska Laukka was just like what I expected! Wonderful milieu, sweet horses and friendly people!&#8221; a traveller<\/p>\n","protected":false},"author":1,"featured_media":0,"parent":0,"menu_order":0,"comment_status":"closed","ping_status":"closed","template":"","meta":{"_acf_changed":false,"footnotes":""},"class_list":["post-9589","page","type-page","status-publish","hentry"],"acf":[],"_links":{"self":[{"href":"https:\/\/www.ruskalaukka.fi\/en\/wp-json\/wp\/v2\/pages\/9589","targetHints":{"allow":["GET"]}}],"collection":[{"href":"https:\/\/www.ruskalaukka.fi\/en\/wp-json\/wp\/v2\/pages"}],"about":[{"href":"https:\/\/www.ruskalaukka.fi\/en\/wp-json\/wp\/v2\/types\/page"}],"author":[{"embeddable":true,"href":"https:\/\/www.ruskalaukka.fi\/en\/wp-json\/wp\/v2\/users\/1"}],"replies":[{"embeddable":true,"href":"https:\/\/www.ruskalaukka.fi\/en\/wp-json\/wp\/v2\/comments?post=9589"}],"version-history":[{"count":7,"href":"https:\/\/www.ruskalaukka.fi\/en\/wp-json\/wp\/v2\/pages\/9589\/revisions"}],"predecessor-version":[{"id":9743,"href":"https:\/\/www.ruskalaukka.fi\/en\/wp-json\/wp\/v2\/pages\/9589\/revisions\/9743"}],"wp:attachment":[{"href":"https:\/\/www.ruskalaukka.fi\/en\/wp-json\/wp\/v2\/media?parent=9589"}],"curies":[{"name":"wp","href":"https:\/\/api.w.org\/{rel}","templated":true}]}}